{"id":4358,"date":"2026-01-20T20:33:04","date_gmt":"2026-01-20T20:33:04","guid":{"rendered":"https:\/\/mozure.com\/?post_type=product&#038;p=4358"},"modified":"2026-01-20T20:36:32","modified_gmt":"2026-01-20T20:36:32","slug":"profesyonel-paketi-aylik-marka-koruma-yazilimi-upgrade","status":"publish","type":"product","link":"https:\/\/mozure.com\/en\/product\/profesyonel-paketi-aylik-marka-koruma-yazilimi-upgrade\/","title":{"rendered":"Profesyonel Paketi Ayl\u0131k &#8211; Marka Koruma Yaz\u0131l\u0131m\u0131 Upgrade"},"content":{"rendered":"<p><strong>Brand X Protection<\/strong><\/p>\n<p>Tracking 2000 posts per day<\/p>\n<p>Tracking 10 brands\/keywords<\/p>\n<p>Real-time notifications (Email)<\/p>\n<p>Advanced Sentiment Analysis (keyword-based tone analysis)<\/p>\n<p>Update every hour<\/p>\n<p>Comparative brand analysis (competitor tracking)<\/p>\n<p>Detailed daily reports<\/p>\n<p>12-month data archive<\/p>\n<p>PDF\/Excel\/CSV Reports<\/p>\n<p>Tam access (5 users)<\/p>\n<p>Multi-Language Support<\/p>","protected":false},"excerpt":{"rendered":"<p>Marka \u0130tibar Koruma Yaz\u0131l\u0131m\u0131 G\u00fcnde 2000 g\u00f6nderi takibi 10 marka\/anahtar kelime izleme Ger\u00e7ek zamanl\u0131 bildirimler (E-posta) Geli\u015fmi\u015f duygu analizi (anahtar kelime bazl\u0131 [&hellip;]<\/p>","protected":false},"featured_media":186,"comment_status":"open","ping_status":"closed","template":"","meta":[],"product_brand":[],"product_cat":[20],"product_tag":[],"class_list":{"0":"post-4358","1":"product","2":"type-product","3":"status-publish","4":"has-post-thumbnail","6":"product_cat-paketler-2","8":"first","9":"instock","10":"virtual","11":"purchasable","12":"product-type-subscription"},"_links":{"self":[{"href":"https:\/\/mozure.com\/en\/wp-json\/wp\/v2\/product\/4358","targetHints":{"allow":["GET"]}}],"collection":[{"href":"https:\/\/mozure.com\/en\/wp-json\/wp\/v2\/product"}],"about":[{"href":"https:\/\/mozure.com\/en\/wp-json\/wp\/v2\/types\/product"}],"replies":[{"embeddable":true,"href":"https:\/\/mozure.com\/en\/wp-json\/wp\/v2\/comments?post=4358"}],"wp:featuredmedia":[{"embeddable":true,"href":"https:\/\/mozure.com\/en\/wp-json\/wp\/v2\/media\/186"}],"wp:attachment":[{"href":"https:\/\/mozure.com\/en\/wp-json\/wp\/v2\/media?parent=4358"}],"wp:term":[{"taxonomy":"product_brand","embeddable":true,"href":"https:\/\/mozure.com\/en\/wp-json\/wp\/v2\/product_brand?post=4358"},{"taxonomy":"product_cat","embeddable":true,"href":"https:\/\/mozure.com\/en\/wp-json\/wp\/v2\/product_cat?post=4358"},{"taxonomy":"product_tag","embeddable":true,"href":"https:\/\/mozure.com\/en\/wp-json\/wp\/v2\/product_tag?post=4358"}],"curies":[{"name":"wp","href":"https:\/\/api.w.org\/{rel}","templated":true}]}}