{"id":420,"date":"2025-08-14T19:19:33","date_gmt":"2025-08-14T19:19:33","guid":{"rendered":"https:\/\/mozure.com\/?post_type=product&#038;p=420"},"modified":"2025-08-14T19:22:01","modified_gmt":"2025-08-14T19:22:01","slug":"isletme-paketi-haftalik-marka-koruma-yazilimi-ozellestirilmis","status":"publish","type":"product","link":"https:\/\/mozure.com\/en\/product\/isletme-paketi-haftalik-marka-koruma-yazilimi-ozellestirilmis\/","title":{"rendered":"Enterprise Pack Weekly Twgor"},"content":{"rendered":"<p><strong>Brand X Protection<\/strong><\/p>\n<p>Task Assignment and Tracking<\/p>\n<p>Timeline and Calendar<\/p>\n<p>Real-Time Notifications<\/p>\n<p>Document Management<\/p>\n<p>Gantt and Kanban Views<\/p>\n<p>Reporting and Analytics Tools<\/p>\n<p>Workload Visualization<\/p>\n<p>User and Role Management<\/p>\n<p>Third-Party Integrations<\/p>\n<p>Automation Rules<\/p>\n<p>Customizable Task Forms<\/p>\n<p>Backup and Data Recovery<\/p>\n<p>Leave &amp; Vacation Tracking<\/p>\n<p>KPI &amp; Performance Tracking<\/p>\n<p>Proje B\u00fct\u00e7e Y\u00f6netimi<\/p>\n<p>1TB Cloud Storage<\/p>\n<p>Activity Log<\/p>\n<p>Multi-Language Support<\/p>\n<p>\u00d6zel \u0130stekler<\/p>","protected":false},"excerpt":{"rendered":"<p>Marka \u0130tibar Koruma Yaz\u0131l\u0131m\u0131 G\u00f6rev Atama ve Takibi Zaman \u00c7izelgesi ve Takvim Ger\u00e7ek Zamanl\u0131 Bildirimler Dok\u00fcman Y\u00f6netimi Gantt ve Kanban G\u00f6r\u00fcn\u00fcmleri Raporlama [&hellip;]<\/p>","protected":false},"featured_media":186,"comment_status":"open","ping_status":"closed","template":"","meta":[],"product_brand":[],"product_cat":[20],"product_tag":[],"class_list":{"0":"post-420","1":"product","2":"type-product","3":"status-publish","4":"has-post-thumbnail","6":"product_cat-paketler-2","8":"first","9":"instock","10":"virtual","11":"purchasable","12":"product-type-subscription"},"_links":{"self":[{"href":"https:\/\/mozure.com\/en\/wp-json\/wp\/v2\/product\/420","targetHints":{"allow":["GET"]}}],"collection":[{"href":"https:\/\/mozure.com\/en\/wp-json\/wp\/v2\/product"}],"about":[{"href":"https:\/\/mozure.com\/en\/wp-json\/wp\/v2\/types\/product"}],"replies":[{"embeddable":true,"href":"https:\/\/mozure.com\/en\/wp-json\/wp\/v2\/comments?post=420"}],"wp:featuredmedia":[{"embeddable":true,"href":"https:\/\/mozure.com\/en\/wp-json\/wp\/v2\/media\/186"}],"wp:attachment":[{"href":"https:\/\/mozure.com\/en\/wp-json\/wp\/v2\/media?parent=420"}],"wp:term":[{"taxonomy":"product_brand","embeddable":true,"href":"https:\/\/mozure.com\/en\/wp-json\/wp\/v2\/product_brand?post=420"},{"taxonomy":"product_cat","embeddable":true,"href":"https:\/\/mozure.com\/en\/wp-json\/wp\/v2\/product_cat?post=420"},{"taxonomy":"product_tag","embeddable":true,"href":"https:\/\/mozure.com\/en\/wp-json\/wp\/v2\/product_tag?post=420"}],"curies":[{"name":"wp","href":"https:\/\/api.w.org\/{rel}","templated":true}]}}