{"id":3486,"date":"2025-11-27T10:15:38","date_gmt":"2025-11-27T10:15:38","guid":{"rendered":"https:\/\/mozure.com\/?post_type=product&#038;p=3486"},"modified":"2025-11-27T10:16:37","modified_gmt":"2025-11-27T10:16:37","slug":"baslangic-paketi-promosyon-marka-koruma-yazilimi-33","status":"publish","type":"product","link":"https:\/\/mozure.com\/en\/product\/baslangic-paketi-promosyon-marka-koruma-yazilimi-33\/","title":{"rendered":"Ba\u015flang\u0131\u00e7 Paketi Promosyon &#8211; Marka Koruma Yaz\u0131l\u0131m\u0131"},"content":{"rendered":"<p><strong>Brand X Protection<\/strong><\/p>\n<p>Tracking 500 posts per day<\/p>\n<p>Tracking 3 brands\/keywords<\/p>\n<p>Real-time notifications (Email)<\/p>\n<p>Basic Sentiment Analysis (Positive \/ Negative \/ Neutral)<\/p>\n<p>Update every 4 hours<\/p>\n<p>Basic statistics reports (weekly)<\/p>\n<p>3-month data archive<\/p>\n<p>PDF Reports<\/p>\n<p>Limited team access (2 users)<\/p>\n<p>Multi-Language Support<\/p>","protected":false},"excerpt":{"rendered":"<p>Marka \u0130tibar Koruma Yaz\u0131l\u0131m\u0131 G\u00fcnde 500 g\u00f6nderi takibi 3 marka\/anahtar kelime izleme Ger\u00e7ek zamanl\u0131 bildirimler (E-posta) Basit duygu analizi (Olumlu \/ Olumsuz [&hellip;]<\/p>","protected":false},"featured_media":186,"comment_status":"open","ping_status":"closed","template":"","meta":[],"product_brand":[],"product_cat":[20],"product_tag":[],"class_list":{"0":"post-3486","1":"product","2":"type-product","3":"status-publish","4":"has-post-thumbnail","6":"product_cat-paketler-2","8":"first","9":"instock","10":"virtual","11":"purchasable","12":"product-type-subscription"},"_links":{"self":[{"href":"https:\/\/mozure.com\/en\/wp-json\/wp\/v2\/product\/3486","targetHints":{"allow":["GET"]}}],"collection":[{"href":"https:\/\/mozure.com\/en\/wp-json\/wp\/v2\/product"}],"about":[{"href":"https:\/\/mozure.com\/en\/wp-json\/wp\/v2\/types\/product"}],"replies":[{"embeddable":true,"href":"https:\/\/mozure.com\/en\/wp-json\/wp\/v2\/comments?post=3486"}],"wp:featuredmedia":[{"embeddable":true,"href":"https:\/\/mozure.com\/en\/wp-json\/wp\/v2\/media\/186"}],"wp:attachment":[{"href":"https:\/\/mozure.com\/en\/wp-json\/wp\/v2\/media?parent=3486"}],"wp:term":[{"taxonomy":"product_brand","embeddable":true,"href":"https:\/\/mozure.com\/en\/wp-json\/wp\/v2\/product_brand?post=3486"},{"taxonomy":"product_cat","embeddable":true,"href":"https:\/\/mozure.com\/en\/wp-json\/wp\/v2\/product_cat?post=3486"},{"taxonomy":"product_tag","embeddable":true,"href":"https:\/\/mozure.com\/en\/wp-json\/wp\/v2\/product_tag?post=3486"}],"curies":[{"name":"wp","href":"https:\/\/api.w.org\/{rel}","templated":true}]}}