{"id":191,"date":"2025-08-07T14:06:44","date_gmt":"2025-08-07T14:06:44","guid":{"rendered":"https:\/\/mozure.com\/?post_type=product&#038;p=191"},"modified":"2025-08-20T17:33:15","modified_gmt":"2025-08-20T17:33:15","slug":"isletme-paketi-aylik-yillik","status":"publish","type":"product","link":"https:\/\/mozure.com\/en\/product\/isletme-paketi-aylik-yillik\/","title":{"rendered":"Enterprise Pack Yearly - Product Management"},"content":{"rendered":"<ul>\n<li>\n<div class=\"ui-e-wrap\">\n<div class=\"ui-e-content\">\n<ul>\n<li>\n<div class=\"ui-e-wrap\">\n<div class=\"ui-e-content\">\n<p><span class=\"ui-e-title\">Task Assignment and Tracking<\/span><\/p>\n<p class=\"ui-e-text\">\n<\/div>\n<div class=\"ui-e-icon\"><\/div>\n<\/div>\n<\/li>\n<li>\n<div class=\"ui-e-wrap\">\n<div class=\"ui-e-content\">\n<p><span class=\"ui-e-title\">Timeline and Calendar<\/span><\/p>\n<p class=\"ui-e-text\">\n<\/div>\n<div class=\"ui-e-icon\"><\/div>\n<\/div>\n<\/li>\n<li>\n<div class=\"ui-e-wrap\">\n<div class=\"ui-e-content\">\n<p><span class=\"ui-e-title\">Real-Time Notifications<\/span><\/p>\n<p class=\"ui-e-text\">\n<\/div>\n<div class=\"ui-e-icon\"><\/div>\n<\/div>\n<\/li>\n<li>\n<div class=\"ui-e-wrap\">\n<div class=\"ui-e-content\">\n<p><span class=\"ui-e-title\">Document Management<\/span><\/p>\n<p class=\"ui-e-text\">\n<\/div>\n<div class=\"ui-e-icon\"><\/div>\n<\/div>\n<\/li>\n<li>\n<div class=\"ui-e-wrap\">\n<div class=\"ui-e-content\">\n<p><span class=\"ui-e-title\">Gantt and Kanban Views<\/span><\/p>\n<p class=\"ui-e-text\">\n<\/div>\n<div class=\"ui-e-icon\"><\/div>\n<\/div>\n<\/li>\n<li>\n<div class=\"ui-e-wrap\">\n<div class=\"ui-e-content\">\n<p><span class=\"ui-e-title\">Reporting and Analytics Tools<\/span><\/p>\n<p class=\"ui-e-text\">\n<\/div>\n<div class=\"ui-e-icon\"><\/div>\n<\/div>\n<\/li>\n<li>\n<div class=\"ui-e-wrap\">\n<div class=\"ui-e-content\">\n<p><span class=\"ui-e-title\">Workload Visualization<\/span><\/p>\n<p class=\"ui-e-text\">\n<\/div>\n<div class=\"ui-e-icon\"><\/div>\n<\/div>\n<\/li>\n<li>\n<div class=\"ui-e-wrap\">\n<div class=\"ui-e-content\">\n<p><span class=\"ui-e-title\">User and Role Management<\/span><\/p>\n<p class=\"ui-e-text\">\n<\/div>\n<div class=\"ui-e-icon\"><\/div>\n<\/div>\n<\/li>\n<li>\n<div class=\"ui-e-wrap\">\n<div class=\"ui-e-content\">\n<p><span class=\"ui-e-title\">Third-Party Integrations<\/span><\/p>\n<p class=\"ui-e-text\">\n<\/div>\n<div class=\"ui-e-icon\"><\/div>\n<\/div>\n<\/li>\n<li>\n<div class=\"ui-e-wrap\">\n<div class=\"ui-e-content\">\n<p><span class=\"ui-e-title\">Automation Rules<\/span><\/p>\n<p class=\"ui-e-text\">\n<\/div>\n<div class=\"ui-e-icon\"><\/div>\n<\/div>\n<\/li>\n<li>\n<div class=\"ui-e-wrap\">\n<div class=\"ui-e-content\">\n<p><span class=\"ui-e-title\">Customizable Task Forms<\/span><\/p>\n<p class=\"ui-e-text\">\n<\/div>\n<div class=\"ui-e-icon\"><\/div>\n<\/div>\n<\/li>\n<li>\n<div class=\"ui-e-wrap\">\n<div class=\"ui-e-content\">\n<p><span class=\"ui-e-title\">Backup and Data Recovery<\/span><\/p>\n<p class=\"ui-e-text\">\n<\/div>\n<div class=\"ui-e-icon\"><\/div>\n<\/div>\n<\/li>\n<li>\n<div class=\"ui-e-wrap\">\n<div class=\"ui-e-content\">\n<p><span class=\"ui-e-title\">Leave &amp; Vacation Tracking<\/span><\/p>\n<p class=\"ui-e-text\">\n<\/div>\n<div class=\"ui-e-icon\"><\/div>\n<\/div>\n<\/li>\n<li>\n<div class=\"ui-e-wrap\">\n<div class=\"ui-e-content\">\n<p><span class=\"ui-e-title\">KPI &amp; Performance Tracking<\/span><\/p>\n<p class=\"ui-e-text\">\n<\/div>\n<div class=\"ui-e-icon\"><\/div>\n<\/div>\n<\/li>\n<li>\n<div class=\"ui-e-wrap\">\n<div class=\"ui-e-content\">\n<p><span class=\"ui-e-title\">Proje B\u00fct\u00e7e Y\u00f6netimi<\/span><\/p>\n<p class=\"ui-e-text\">\n<\/div>\n<div class=\"ui-e-icon\"><\/div>\n<\/div>\n<\/li>\n<li>\n<div class=\"ui-e-wrap\">\n<div class=\"ui-e-content\">\n<p><span class=\"ui-e-title\">1TB Cloud Storage<\/span><\/p>\n<p class=\"ui-e-text\">\n<\/div>\n<div class=\"ui-e-icon\"><\/div>\n<\/div>\n<\/li>\n<li>\n<div class=\"ui-e-wrap\">\n<div class=\"ui-e-content\">\n<p><span class=\"ui-e-title\">Activity Log<\/span><\/p>\n<p class=\"ui-e-text\">\n<\/div>\n<div class=\"ui-e-icon\"><\/div>\n<\/div>\n<\/li>\n<li>\n<div class=\"ui-e-wrap\">\n<div class=\"ui-e-content\"><span class=\"ui-e-title\">Multi-Language Support<\/span><\/div>\n<\/div>\n<\/li>\n<\/ul>\n<\/div>\n<\/div>\n<\/li>\n<\/ul>","protected":false},"excerpt":{"rendered":"<p>G\u00f6rev Atama ve Takibi Zaman \u00c7izelgesi ve Takvim Ger\u00e7ek Zamanl\u0131 Bildirimler Dok\u00fcman Y\u00f6netimi Gantt ve Kanban G\u00f6r\u00fcn\u00fcmleri Raporlama ve Analiz Ara\u00e7lar\u0131 \u0130\u015f [&hellip;]<\/p>","protected":false},"featured_media":186,"comment_status":"open","ping_status":"closed","template":"","meta":[],"product_brand":[],"product_cat":[18],"product_tag":[],"class_list":{"0":"post-191","1":"product","2":"type-product","3":"status-publish","4":"has-post-thumbnail","6":"product_cat-paketlerproje","8":"first","9":"instock","10":"virtual","11":"purchasable","12":"product-type-simple"},"_links":{"self":[{"href":"https:\/\/mozure.com\/en\/wp-json\/wp\/v2\/product\/191","targetHints":{"allow":["GET"]}}],"collection":[{"href":"https:\/\/mozure.com\/en\/wp-json\/wp\/v2\/product"}],"about":[{"href":"https:\/\/mozure.com\/en\/wp-json\/wp\/v2\/types\/product"}],"replies":[{"embeddable":true,"href":"https:\/\/mozure.com\/en\/wp-json\/wp\/v2\/comments?post=191"}],"wp:featuredmedia":[{"embeddable":true,"href":"https:\/\/mozure.com\/en\/wp-json\/wp\/v2\/media\/186"}],"wp:attachment":[{"href":"https:\/\/mozure.com\/en\/wp-json\/wp\/v2\/media?parent=191"}],"wp:term":[{"taxonomy":"product_brand","embeddable":true,"href":"https:\/\/mozure.com\/en\/wp-json\/wp\/v2\/product_brand?post=191"},{"taxonomy":"product_cat","embeddable":true,"href":"https:\/\/mozure.com\/en\/wp-json\/wp\/v2\/product_cat?post=191"},{"taxonomy":"product_tag","embeddable":true,"href":"https:\/\/mozure.com\/en\/wp-json\/wp\/v2\/product_tag?post=191"}],"curies":[{"name":"wp","href":"https:\/\/api.w.org\/{rel}","templated":true}]}}