{"id":185,"date":"2025-08-07T13:59:28","date_gmt":"2025-08-07T13:59:28","guid":{"rendered":"https:\/\/mozure.com\/?post_type=product&#038;p=185"},"modified":"2025-08-20T17:32:49","modified_gmt":"2025-08-20T17:32:49","slug":"baslangic-paketi-aylik","status":"publish","type":"product","link":"https:\/\/mozure.com\/en\/product\/baslangic-paketi-aylik\/","title":{"rendered":"Starter Pack Monthly Product Managment"},"content":{"rendered":"<ul>\n<li>\n<div class=\"ui-e-wrap\">\n<div class=\"ui-e-content\">\n<p><span class=\"ui-e-title\">Task Assignment and Tracking<\/span><\/p>\n<p class=\"ui-e-text\">\n<\/div>\n<div class=\"ui-e-icon\"><\/div>\n<\/div>\n<\/li>\n<li>\n<div class=\"ui-e-wrap\">\n<div class=\"ui-e-content\">\n<p><span class=\"ui-e-title\">Timeline and Calendar<\/span><\/p>\n<p class=\"ui-e-text\">\n<\/div>\n<div class=\"ui-e-icon\"><\/div>\n<\/div>\n<\/li>\n<li>\n<div class=\"ui-e-wrap\">\n<div class=\"ui-e-content\">\n<p><span class=\"ui-e-title\">Real-Time Notifications<\/span><\/p>\n<p class=\"ui-e-text\">\n<\/div>\n<div class=\"ui-e-icon\"><\/div>\n<\/div>\n<\/li>\n<li>\n<div class=\"ui-e-wrap\">\n<div class=\"ui-e-content\">\n<p><span class=\"ui-e-title\">Document Management<\/span><\/p>\n<p class=\"ui-e-text\">\n<\/div>\n<div class=\"ui-e-icon\"><\/div>\n<\/div>\n<\/li>\n<li>\n<div class=\"ui-e-wrap\">\n<div class=\"ui-e-content\">\n<p><span class=\"ui-e-title\">Gantt and Kanban Views<\/span><\/p>\n<p class=\"ui-e-text\">\n<\/div>\n<div class=\"ui-e-icon\"><\/div>\n<\/div>\n<\/li>\n<li>\n<div class=\"ui-e-wrap\">\n<div class=\"ui-e-content\">\n<p><span class=\"ui-e-title\">Reporting and Analytics Tools<\/span><\/p>\n<p class=\"ui-e-text\">\n<\/div>\n<div class=\"ui-e-icon\"><\/div>\n<\/div>\n<\/li>\n<li>\n<div class=\"ui-e-wrap\">\n<div class=\"ui-e-content\">\n<p><span class=\"ui-e-title\">10GB Cloud Storage<\/span><\/p>\n<p class=\"ui-e-text\">\n<\/div>\n<div class=\"ui-e-icon\"><\/div>\n<\/div>\n<\/li>\n<li>\n<div class=\"ui-e-wrap\">\n<div class=\"ui-e-content\">\n<p><span class=\"ui-e-title\">Activity Log<\/span><\/p>\n<p class=\"ui-e-text\">\n<\/div>\n<div class=\"ui-e-icon\"><\/div>\n<\/div>\n<\/li>\n<li>\n<div class=\"ui-e-wrap\">\n<div class=\"ui-e-content\"><span class=\"ui-e-title\">Multi-Language Support<\/span><\/div>\n<\/div>\n<\/li>\n<\/ul>","protected":false},"excerpt":{"rendered":"<p>G\u00f6rev Atama ve Takibi Zaman \u00c7izelgesi ve Takvim Ger\u00e7ek Zamanl\u0131 Bildirimler Dok\u00fcman Y\u00f6netimi Gantt ve Kanban G\u00f6r\u00fcn\u00fcmleri Raporlama ve Analiz Ara\u00e7lar\u0131 10GB [&hellip;]<\/p>","protected":false},"featured_media":186,"comment_status":"open","ping_status":"closed","template":"","meta":[],"product_brand":[],"product_cat":[18],"product_tag":[],"class_list":{"0":"post-185","1":"product","2":"type-product","3":"status-publish","4":"has-post-thumbnail","6":"product_cat-paketlerproje","8":"first","9":"instock","10":"virtual","11":"purchasable","12":"product-type-simple"},"_links":{"self":[{"href":"https:\/\/mozure.com\/en\/wp-json\/wp\/v2\/product\/185","targetHints":{"allow":["GET"]}}],"collection":[{"href":"https:\/\/mozure.com\/en\/wp-json\/wp\/v2\/product"}],"about":[{"href":"https:\/\/mozure.com\/en\/wp-json\/wp\/v2\/types\/product"}],"replies":[{"embeddable":true,"href":"https:\/\/mozure.com\/en\/wp-json\/wp\/v2\/comments?post=185"}],"wp:featuredmedia":[{"embeddable":true,"href":"https:\/\/mozure.com\/en\/wp-json\/wp\/v2\/media\/186"}],"wp:attachment":[{"href":"https:\/\/mozure.com\/en\/wp-json\/wp\/v2\/media?parent=185"}],"wp:term":[{"taxonomy":"product_brand","embeddable":true,"href":"https:\/\/mozure.com\/en\/wp-json\/wp\/v2\/product_brand?post=185"},{"taxonomy":"product_cat","embeddable":true,"href":"https:\/\/mozure.com\/en\/wp-json\/wp\/v2\/product_cat?post=185"},{"taxonomy":"product_tag","embeddable":true,"href":"https:\/\/mozure.com\/en\/wp-json\/wp\/v2\/product_tag?post=185"}],"curies":[{"name":"wp","href":"https:\/\/api.w.org\/{rel}","templated":true}]}}