{"id":66,"date":"2025-08-07T13:24:32","date_gmt":"2025-08-07T13:24:32","guid":{"rendered":"https:\/\/mozure.com\/?page_id=66"},"modified":"2025-08-20T23:08:37","modified_gmt":"2025-08-20T23:08:37","slug":"sartlar-ve-kosullar","status":"publish","type":"page","link":"https:\/\/mozure.com\/en\/sartlar-ve-kosullar\/","title":{"rendered":"Terms and Conditions"},"content":{"rendered":"<div data-elementor-type=\"wp-page\" data-elementor-id=\"66\" class=\"elementor elementor-66\">\n\t\t\t\t<div class=\"elementor-element elementor-element-1111cbd3 e-flex e-con-boxed e-con e-parent\" data-id=\"1111cbd3\" data-element_type=\"container\">\n\t\t\t\t\t<div class=\"e-con-inner\">\n\t\t\t\t<div class=\"elementor-element elementor-element-68a0bf90 elementor-widget elementor-widget-text-editor\" data-id=\"68a0bf90\" data-element_type=\"widget\" data-widget_type=\"text-editor.default\">\n\t\t\t\t\t\t\t\t\t\r\n<h2 data-start=\"249\" data-end=\"275\">\u00a0<\/h2>\r\n<h2 data-start=\"249\" data-end=\"275\"><strong data-start=\"252\" data-end=\"275\">Terms and Conditions<\/strong><\/h2>\r\n<p data-start=\"277\" data-end=\"316\"><strong data-start=\"277\" data-end=\"303\">Last Updated<\/strong> [24\/07\/2024]<\/p>\r\n<p data-start=\"318\" data-end=\"574\" class=\"translation-block\">Please read these Terms and Conditions carefully before using the Mozure.com website. By visiting our website or using our services, you are deemed to have accepted these terms. If you do not accept these terms, please do not use our site.<\/p>\r\n<hr data-start=\"576\" data-end=\"579\" \/>\r\n<h3 data-start=\"581\" data-end=\"600\"><strong data-start=\"585\" data-end=\"600\">1. Definitions<\/strong><\/h3>\r\n<ul data-start=\"602\" data-end=\"888\">\r\n<li data-start=\"602\" data-end=\"683\">\r\n<p data-start=\"604\" data-end=\"683\" class=\"translation-block\">Platform: Refers to all digital services provided at Mozure.com.<\/p>\r\n<\/li>\r\n<li data-start=\"684\" data-end=\"765\">\r\n<p data-start=\"686\" data-end=\"765\" class=\"translation-block\">User: Refers to any natural or legal person who accesses the Platform.<\/p>\r\n<\/li>\r\n<li data-start=\"766\" data-end=\"888\">\r\n<p data-start=\"768\" data-end=\"888\" class=\"translation-block\">Service: Refers to the software, project management tools, integrations, and support services provided by Mozure.<\/p>\r\n<\/li>\r\n<\/ul>\r\n<hr data-start=\"890\" data-end=\"893\" \/>\r\n<h3 data-start=\"895\" data-end=\"922\"><strong data-start=\"899\" data-end=\"922\">2. Scope of Service<\/strong><\/h3>\r\n<p data-start=\"924\" data-end=\"1110\">Mozure provides project management, task tracking, team communication, and similar services digitally. All services are available exclusively online and do not involve any physical delivery.<\/p>\r\n<hr data-start=\"1112\" data-end=\"1115\" \/>\r\n<h3 data-start=\"1117\" data-end=\"1155\"><strong data-start=\"1121\" data-end=\"1155\">3. Account Creation and Security<\/strong><\/h3>\r\n<ul data-start=\"1157\" data-end=\"1435\">\r\n<li data-start=\"1157\" data-end=\"1232\">\r\n<p data-start=\"1159\" data-end=\"1232\">Users must create an account to benefit from the services.<\/p>\r\n<\/li>\r\n<li data-start=\"1233\" data-end=\"1305\">\r\n<p data-start=\"1235\" data-end=\"1305\">User accounts are personal and non-transferable.<\/p>\r\n<\/li>\r\n<li data-start=\"1306\" data-end=\"1435\">\r\n<p data-start=\"1308\" data-end=\"1435\">You are responsible for maintaining the confidentiality of your account information. In case of any unauthorized use, please contact us immediately.<\/p>\r\n<\/li>\r\n<\/ul>\r\n<hr data-start=\"1437\" data-end=\"1440\" \/>\r\n<h3 data-start=\"1442\" data-end=\"1475\"><strong data-start=\"1446\" data-end=\"1475\">4. Pricing and Payment<\/strong><\/h3>\r\n<ul data-start=\"1477\" data-end=\"1757\">\r\n<li data-start=\"1477\" data-end=\"1596\">\r\n<p data-start=\"1479\" data-end=\"1596\">Mozure services are offered for a fee. Current package details are available on the pricing page.<\/p>\r\n<\/li>\r\n<li data-start=\"1597\" data-end=\"1674\">\r\n<p data-start=\"1599\" data-end=\"1674\">Payments can be made via credit card or other offered digital methods.<\/p>\r\n<\/li>\r\n<li data-start=\"1675\" data-end=\"1757\">\r\n<p data-start=\"1677\" data-end=\"1757\">Subscriptions may renew automatically; users may cancel at any time.<\/p>\r\n<\/li>\r\n<\/ul>\r\n<hr data-start=\"1759\" data-end=\"1762\" \/>\r\n<h3 data-start=\"1764\" data-end=\"1793\"><strong data-start=\"1768\" data-end=\"1793\">5. Rules of Use<\/strong><\/h3>\r\n<p data-start=\"1795\" data-end=\"1852\">Users agree to refrain from the following actions:<\/p>\r\n<ul data-start=\"1854\" data-end=\"2106\">\r\n<li data-start=\"1854\" data-end=\"1898\">\r\n<p data-start=\"1856\" data-end=\"1898\">Using the services for illegal purposes<\/p>\r\n<\/li>\r\n<li data-start=\"1899\" data-end=\"1978\">\r\n<p data-start=\"1901\" data-end=\"1978\">Misusing systems in a way that disrupts other users\u2019 experiences<\/p>\r\n<\/li>\r\n<li data-start=\"1979\" data-end=\"2054\">\r\n<p data-start=\"1981\" data-end=\"2054\">Reverse engineering, copying, or reproducing the software without permission<\/p>\r\n<\/li>\r\n<li data-start=\"2055\" data-end=\"2106\">\r\n<p data-start=\"2057\" data-end=\"2106\">Violating others\u2019 intellectual property rights<\/p>\r\n<\/li>\r\n<\/ul>\r\n<hr data-start=\"2108\" data-end=\"2111\" \/>\r\n<h3 data-start=\"2113\" data-end=\"2146\"><strong data-start=\"2117\" data-end=\"2146\">6. Intellectual Property Rights<\/strong><\/h3>\r\n<p data-start=\"2148\" data-end=\"2364\">Mozure and all related software, graphics, logos, and content are the property of Mozure or its licensors. All rights reserved. Users may only use such content to the extent provided by the service.<\/p>\r\n<hr data-start=\"2366\" data-end=\"2369\" \/>\r\n<h3 data-start=\"2371\" data-end=\"2412\"><strong data-start=\"2375\" data-end=\"2412\">7. Limitation of Liability<\/strong><\/h3>\r\n<p data-start=\"2414\" data-end=\"2589\">Mozure does not guarantee that the service will be uninterrupted or error-free. Mozure shall not be held liable for any direct, indirect, or incidental damages arising from the use of the service.<\/p>\r\n<hr data-start=\"2591\" data-end=\"2594\" \/>\r\n<h3 data-start=\"2596\" data-end=\"2648\"><strong data-start=\"2600\" data-end=\"2648\">8. Modification or Termination of Service<\/strong><\/h3>\r\n<p data-start=\"2650\" data-end=\"2791\">Mozure reserves the right to modify or discontinue the content, scope, or access conditions of the service without prior notice.<\/p>\r\n<hr data-start=\"2793\" data-end=\"2796\" \/>\r\n<h3 data-start=\"2798\" data-end=\"2833\"><strong data-start=\"2802\" data-end=\"2833\">9. Third-Party Links<\/strong><\/h3>\r\n<p data-start=\"2835\" data-end=\"3034\">Mozure may provide links to third-party services on some pages. Mozure has no control over these links and is not responsible for the privacy or content policies of such sites.<\/p>\r\n<hr data-start=\"3036\" data-end=\"3039\" \/>\r\n<h3 data-start=\"3041\" data-end=\"3070\"><strong data-start=\"3045\" data-end=\"3070\">10. Termination of Agreement<\/strong><\/h3>\r\n<p data-start=\"3072\" data-end=\"3245\">Mozure reserves the right to suspend or terminate accounts if the user violates the terms of this agreement. Users also have the right to close their accounts at any time.<\/p>\r\n<hr data-start=\"3247\" data-end=\"3250\" \/>\r\n<h3 data-start=\"3252\" data-end=\"3286\"><strong data-start=\"3256\" data-end=\"3286\">11. Dispute Resolution<\/strong><\/h3>\r\n<p data-start=\"3288\" data-end=\"3413\">Any disputes arising from this agreement shall be subject to Turkish law, and the courts and enforcement offices of Ankara shall have jurisdiction.<\/p>\r\n<hr data-start=\"3415\" data-end=\"3418\" \/>\r\n<h3 data-start=\"3420\" data-end=\"3450\"><strong data-start=\"3424\" data-end=\"3450\">12. Contact Information<\/strong><\/h3>\r\n<p data-start=\"3452\" data-end=\"3543\">If you have any questions, you can contact us using the details below:<\/p>\r\n<p data-start=\"3545\" data-end=\"3638\"><strong data-start=\"3545\" data-end=\"3582\">Mozure Project Management Systems<\/strong><br data-start=\"3582\" data-end=\"3585\" \/>E-mail: iletisim<a class=\"cursor-pointer\" rel=\"noopener\" data-start=\"3594\" data-end=\"3612\">@mozure.com<\/a><br data-start=\"3612\" data-end=\"3615\" \/>Web: <a class=\"\" href=\"https:\/\/mozure.com\/en\/\" target=\"_new\" rel=\"noopener\" data-start=\"3620\" data-end=\"3638\">https:\/\/mozure.com<\/a><\/p>\r\n\t\t\t\t\t\t\t\t<\/div>\n\t\t\t\t\t<\/div>\n\t\t\t\t<\/div>\n\t\t\t\t<\/div>","protected":false},"excerpt":{"rendered":"<p>\u00a0 \u015eartlar ve Ko\u015fullar Son G\u00fcncelleme Tarihi: [24\/07\/2024] L\u00fctfen Mozure.com web sitesini kullanmadan \u00f6nce bu \u015eartlar ve Ko\u015fullar\u2019\u0131 dikkatlice okuyunuz. Web sitemizi [&hellip;]<\/p>","protected":false},"author":1,"featured_media":0,"parent":0,"menu_order":0,"comment_status":"closed","ping_status":"closed","template":"","meta":{"footnotes":""},"class_list":["post-66","page","type-page","status-publish","hentry"],"_links":{"self":[{"href":"https:\/\/mozure.com\/en\/wp-json\/wp\/v2\/pages\/66","targetHints":{"allow":["GET"]}}],"collection":[{"href":"https:\/\/mozure.com\/en\/wp-json\/wp\/v2\/pages"}],"about":[{"href":"https:\/\/mozure.com\/en\/wp-json\/wp\/v2\/types\/page"}],"author":[{"embeddable":true,"href":"https:\/\/mozure.com\/en\/wp-json\/wp\/v2\/users\/1"}],"replies":[{"embeddable":true,"href":"https:\/\/mozure.com\/en\/wp-json\/wp\/v2\/comments?post=66"}],"version-history":[{"count":13,"href":"https:\/\/mozure.com\/en\/wp-json\/wp\/v2\/pages\/66\/revisions"}],"predecessor-version":[{"id":906,"href":"https:\/\/mozure.com\/en\/wp-json\/wp\/v2\/pages\/66\/revisions\/906"}],"wp:attachment":[{"href":"https:\/\/mozure.com\/en\/wp-json\/wp\/v2\/media?parent=66"}],"curies":[{"name":"wp","href":"https:\/\/api.w.org\/{rel}","templated":true}]}}