{"id":102,"date":"2025-08-07T11:09:05","date_gmt":"2025-08-07T11:09:05","guid":{"rendered":"https:\/\/mozure.com\/?page_id=102"},"modified":"2025-08-07T13:09:19","modified_gmt":"2025-08-07T13:09:19","slug":"demo-iste","status":"publish","type":"page","link":"https:\/\/mozure.com\/en\/demo-iste\/","title":{"rendered":"Demo Talebinde Bulunun"},"content":{"rendered":"<style id=\"wpforms-css-vars-159\">\n\t\t\t\t#wpforms-159 {\n\t\t\t\t--wpforms-container-padding: 0px;\n--wpforms-container-border-width: 1px;\n--wpforms-container-border-radius: 3px;\n--wpforms-background-color: rgba(0, 0, 0, 0);\n--wpforms-field-size-input-height: 43px;\n--wpforms-field-size-input-spacing: 15px;\n--wpforms-field-size-font-size: 16px;\n--wpforms-field-size-line-height: 19px;\n--wpforms-field-size-padding-h: 14px;\n--wpforms-field-size-checkbox-size: 16px;\n--wpforms-field-size-sublabel-spacing: 5px;\n--wpforms-field-size-icon-size: 1;\n--wpforms-label-size-font-size: 16px;\n--wpforms-label-size-line-height: 19px;\n--wpforms-label-size-sublabel-font-size: 14px;\n--wpforms-label-size-sublabel-line-height: 17px;\n--wpforms-button-size-font-size: 17px;\n--wpforms-button-size-height: 41px;\n--wpforms-button-size-padding-h: 15px;\n--wpforms-button-size-margin-top: 10px;\n--wpforms-container-shadow-size-box-shadow: none;\n\t\t\t}\n\t\t\t<\/style><div class=\"wpforms-container wpforms-container-full wpforms-render-modern\" id=\"wpforms-159\"><form id=\"wpforms-form-159\" class=\"wpforms-validate wpforms-form wpforms-ajax-form\" data-formid=\"159\" method=\"post\" enctype=\"multipart\/form-data\" action=\"\/en\/wp-json\/wp\/v2\/pages\/102\" data-token=\"6f51e05899ad9554ba9d5978e1ef2999\" data-token-time=\"1776341411\" data-trp-original-action=\"\/en\/wp-json\/wp\/v2\/pages\/102\"><noscript class=\"wpforms-error-noscript\">Please enable JavaScript in your browser to complete this form.<\/noscript><div id=\"wpforms-error-noscript\" style=\"display: none;\">Please enable JavaScript in your browser to complete this form.<\/div><div class=\"wpforms-field-container\"><div id=\"wpforms-159-field_0-container\" class=\"wpforms-field wpforms-field-name\" data-field-id=\"0\"><fieldset><legend class=\"wpforms-field-label\">Your Name <span class=\"wpforms-required-label\" aria-hidden=\"true\">*<\/span><\/legend><div class=\"wpforms-field-row wpforms-field-large\"><div class=\"wpforms-field-row-block wpforms-first wpforms-one-half\"><input type=\"text\" id=\"wpforms-159-field_0\" class=\"wpforms-field-name-first wpforms-field-required\" name=\"wpforms[fields][0][first]\" aria-errormessage=\"wpforms-159-field_0-error\" required><label for=\"wpforms-159-field_0\" class=\"wpforms-field-sublabel after\">First<\/label><\/div><div class=\"wpforms-field-row-block wpforms-one-half\"><input type=\"text\" id=\"wpforms-159-field_0-last\" class=\"wpforms-field-name-last wpforms-field-required\" name=\"wpforms[fields][0][last]\" aria-errormessage=\"wpforms-159-field_0-last-error\" required><label for=\"wpforms-159-field_0-last\" class=\"wpforms-field-sublabel after\">Last<\/label><\/div><\/div><\/fieldset><\/div><div id=\"wpforms-159-field_1-container\" class=\"wpforms-field wpforms-field-email\" data-field-id=\"1\"><label class=\"wpforms-field-label\" for=\"wpforms-159-field_1\">Email Address <span class=\"wpforms-required-label\" aria-hidden=\"true\">*<\/span><\/label><input type=\"email\" id=\"wpforms-159-field_1\" class=\"wpforms-field-medium wpforms-field-required\" name=\"wpforms[fields][1]\" spellcheck=\"false\" aria-errormessage=\"wpforms-159-field_1-error\" required><\/div><div id=\"wpforms-159-field_5-container\" class=\"wpforms-field wpforms-field-text\" data-field-id=\"5\"><label class=\"wpforms-field-label\" for=\"wpforms-159-field_5\">\u015eirket Ad\u0131n\u0131z<\/label><input type=\"text\" id=\"wpforms-159-field_5\" class=\"wpforms-field-medium\" name=\"wpforms[fields][5]\" aria-errormessage=\"wpforms-159-field_5-error\" ><\/div><div id=\"wpforms-159-field_6-container\" class=\"wpforms-field wpforms-field-text\" data-field-id=\"6\"><label class=\"wpforms-field-label\" for=\"wpforms-159-field_6\">Kullan\u0131c\u0131 Say\u0131n\u0131z<\/label><input type=\"text\" id=\"wpforms-159-field_6\" class=\"wpforms-field-medium\" name=\"wpforms[fields][6]\" aria-errormessage=\"wpforms-159-field_6-error\" ><\/div><div id=\"wpforms-159-field_7-container\" class=\"wpforms-field wpforms-field-radio\" data-field-id=\"7\"><fieldset><legend class=\"wpforms-field-label\">Demonuzu size nas\u0131l sunal\u0131m<\/legend><ul id=\"wpforms-159-field_7\"><li class=\"choice-1 depth-1\"><input type=\"radio\" id=\"wpforms-159-field_7_1\" name=\"wpforms[fields][7]\" value=\"15 dakika telefon tan\u0131t\u0131m\u0131\" aria-errormessage=\"wpforms-159-field_7_1-error\"  ><label class=\"wpforms-field-label-inline\" for=\"wpforms-159-field_7_1\">15 dakika telefon tan\u0131t\u0131m\u0131<\/label><\/li><li class=\"choice-2 depth-1\"><input type=\"radio\" id=\"wpforms-159-field_7_2\" name=\"wpforms[fields][7]\" value=\"15 g\u00fcn \u00f6zelle\u015ftirilmi\u015f demo\" aria-errormessage=\"wpforms-159-field_7_2-error\"  ><label class=\"wpforms-field-label-inline\" for=\"wpforms-159-field_7_2\">15 g\u00fcn \u00f6zelle\u015ftirilmi\u015f demo<\/label><\/li><li class=\"choice-3 depth-1\"><input type=\"radio\" id=\"wpforms-159-field_7_3\" name=\"wpforms[fields][7]\" value=\"Yerimizde Sunum\" aria-errormessage=\"wpforms-159-field_7_3-error\"  ><label class=\"wpforms-field-label-inline\" for=\"wpforms-159-field_7_3\">Yerimizde Sunum<\/label><\/li><\/ul><\/fieldset><\/div><div id=\"wpforms-159-field_8-container\" class=\"wpforms-field wpforms-field-text\" data-field-id=\"8\"><label class=\"wpforms-field-label\" for=\"wpforms-159-field_8\">Daha \u00d6nce Kulland\u0131\u011f\u0131n\u0131z Proje Y\u00f6netim Sistemi Varsa Yaz\u0131n<\/label><input type=\"text\" id=\"wpforms-159-field_8\" class=\"wpforms-field-large\" name=\"wpforms[fields][8]\" aria-errormessage=\"wpforms-159-field_8-error\" ><\/div><div id=\"wpforms-159-field_10-container\" class=\"wpforms-field wpforms-field-text\" data-field-id=\"10\"><label class=\"wpforms-field-label\" for=\"wpforms-159-field_10\">\u00d6zelle\u015ftirilmi\u015f Alanlar \u0130stiyorsan\u0131z L\u00fctfen Belirtin<\/label><input type=\"text\" id=\"wpforms-159-field_10\" class=\"wpforms-field-large\" name=\"wpforms[fields][10]\" aria-errormessage=\"wpforms-159-field_10-error\" aria-describedby=\"wpforms-159-field_10-description\" ><div id=\"wpforms-159-field_10-description\" class=\"wpforms-field-description\">M\u00fc\u015fteri y\u00f6netimi, fatura y\u00f6netimi vs.<\/div><\/div>\t\t<div id=\"wpforms-159-field_9-container\"\n\t\t\tclass=\"wpforms-field wpforms-field-text\"\n\t\t\tdata-field-type=\"text\"\n\t\t\tdata-field-id=\"9\"\n\t\t\t>\n\t\t\t<label class=\"wpforms-field-label\" for=\"wpforms-159-field_9\" >Belirtin Ad\u0131n\u0131z Layout<\/label>\n\t\t\t<input type=\"text\" id=\"wpforms-159-field_9\" class=\"wpforms-field-medium\" name=\"wpforms[fields][9]\" >\n\t\t<\/div>\n\t\t<div id=\"wpforms-159-field_2-container\" class=\"wpforms-field wpforms-field-textarea\" data-field-id=\"2\"><label class=\"wpforms-field-label\" for=\"wpforms-159-field_2\">Ek mesaj\u0131n\u0131z:<\/label><textarea id=\"wpforms-159-field_2\" class=\"wpforms-field-medium\" name=\"wpforms[fields][2]\" aria-errormessage=\"wpforms-159-field_2-error\" ><\/textarea><\/div><script>\n\t\t\t\t( function() {\n\t\t\t\t\tconst style = document.createElement( 'style' );\n\t\t\t\t\tstyle.appendChild( document.createTextNode( '#wpforms-159-field_9-container { position: absolute !important; overflow: hidden !important; display: inline !important; height: 1px !important; width: 1px !important; z-index: -1000 !important; padding: 0 !important; } #wpforms-159-field_9-container input { visibility: hidden; } #wpforms-conversational-form-page #wpforms-159-field_9-container label { counter-increment: none; }' ) );\n\t\t\t\t\tdocument.head.appendChild( style );\n\t\t\t\t\tdocument.currentScript?.remove();\n\t\t\t\t} )();\n\t\t\t<\/script><\/div><!-- .wpforms-field-container --><div class=\"wpforms-submit-container\" ><input type=\"hidden\" name=\"wpforms[id]\" value=\"159\"><input type=\"hidden\" name=\"page_title\" value=\"\"><input type=\"hidden\" name=\"page_url\" value=\"https:\/\/mozure.com\/en\/wp-json\/wp\/v2\/pages\/102\"><input type=\"hidden\" name=\"url_referer\" value=\"\"><button type=\"submit\" name=\"wpforms[submit]\" id=\"wpforms-submit-159\" class=\"wpforms-submit\" data-alt-text=\"G\u00f6nderiyor...\" data-submit-text=\"G\u00f6nder\" aria-live=\"assertive\" value=\"wpforms-submit\">Send<\/button><img decoding=\"async\" src=\"https:\/\/mozure.com\/wp-content\/plugins\/wpforms-lite\/assets\/images\/submit-spin.svg\" class=\"wpforms-submit-spinner\" style=\"display: none;\" width=\"26\" height=\"26\" alt=\"Loading\"><\/div><input type=\"hidden\" name=\"trp-form-language\" value=\"en\"\/><\/form><\/div>  <!-- .wpforms-container -->","protected":false},"excerpt":{"rendered":"","protected":false},"author":1,"featured_media":0,"parent":0,"menu_order":0,"comment_status":"closed","ping_status":"closed","template":"","meta":{"footnotes":""},"class_list":["post-102","page","type-page","status-publish","hentry"],"_links":{"self":[{"href":"https:\/\/mozure.com\/en\/wp-json\/wp\/v2\/pages\/102","targetHints":{"allow":["GET"]}}],"collection":[{"href":"https:\/\/mozure.com\/en\/wp-json\/wp\/v2\/pages"}],"about":[{"href":"https:\/\/mozure.com\/en\/wp-json\/wp\/v2\/types\/page"}],"author":[{"embeddable":true,"href":"https:\/\/mozure.com\/en\/wp-json\/wp\/v2\/users\/1"}],"replies":[{"embeddable":true,"href":"https:\/\/mozure.com\/en\/wp-json\/wp\/v2\/comments?post=102"}],"version-history":[{"count":3,"href":"https:\/\/mozure.com\/en\/wp-json\/wp\/v2\/pages\/102\/revisions"}],"predecessor-version":[{"id":164,"href":"https:\/\/mozure.com\/en\/wp-json\/wp\/v2\/pages\/102\/revisions\/164"}],"wp:attachment":[{"href":"https:\/\/mozure.com\/en\/wp-json\/wp\/v2\/media?parent=102"}],"curies":[{"name":"wp","href":"https:\/\/api.w.org\/{rel}","templated":true}]}}